{"id":131,"date":"2024-12-18T15:43:36","date_gmt":"2024-12-18T15:43:36","guid":{"rendered":"https:\/\/yuemei.ma\/?page_id=131"},"modified":"2024-12-24T23:48:59","modified_gmt":"2024-12-24T23:48:59","slug":"corde","status":"publish","type":"page","link":"https:\/\/yuemei.ma\/ar\/corde\/","title":{"rendered":"\u0627\u0644\u0643\u0648\u0631\u062f\u0648\u0646"},"content":{"rendered":"<div data-elementor-type=\"wp-page\" data-elementor-id=\"131\" class=\"elementor elementor-131\">\n\t\t\t\t<div class=\"elementor-element elementor-element-30e7494c e-flex e-con-boxed e-con e-parent\" data-id=\"30e7494c\" data-element_type=\"container\" data-e-type=\"container\">\n\t\t\t\t\t<div class=\"e-con-inner\">\n\t\t\t\t<div class=\"elementor-element elementor-element-767837d0 elementor-widget elementor-widget-image\" data-id=\"767837d0\" data-element_type=\"widget\" data-e-type=\"widget\" data-widget_type=\"image.default\">\n\t\t\t\t<div class=\"elementor-widget-container\">\n\t\t\t\t\t\t\t\t\t\t\t\t\t\t\t<img fetchpriority=\"high\" decoding=\"async\" width=\"1024\" height=\"160\" src=\"https:\/\/yuemei.ma\/wp-content\/uploads\/2024\/12\/Product-Cover-1024x160.jpg\" class=\"attachment-large size-large wp-image-83\" alt=\"\" srcset=\"https:\/\/yuemei.ma\/wp-content\/uploads\/2024\/12\/Product-Cover-1024x160.jpg 1024w, https:\/\/yuemei.ma\/wp-content\/uploads\/2024\/12\/Product-Cover-300x47.jpg 300w, https:\/\/yuemei.ma\/wp-content\/uploads\/2024\/12\/Product-Cover-768x120.jpg 768w, https:\/\/yuemei.ma\/wp-content\/uploads\/2024\/12\/Product-Cover-1536x241.jpg 1536w, https:\/\/yuemei.ma\/wp-content\/uploads\/2024\/12\/Product-Cover-600x94.jpg 600w, https:\/\/yuemei.ma\/wp-content\/uploads\/2024\/12\/Product-Cover.jpg 1921w\" sizes=\"(max-width: 1024px) 100vw, 1024px\" \/>\t\t\t\t\t\t\t\t\t\t\t\t\t\t\t<\/div>\n\t\t\t\t<\/div>\n\t\t\t\t\t<\/div>\n\t\t\t\t<\/div>\n\t\t<div class=\"elementor-element elementor-element-7ee9344c e-flex e-con-boxed e-con e-parent\" data-id=\"7ee9344c\" data-element_type=\"container\" data-e-type=\"container\">\n\t\t\t\t\t<div class=\"e-con-inner\">\n\t\t\t\t<div class=\"elementor-element elementor-element-59fd73db elementor-widget elementor-widget-heading\" data-id=\"59fd73db\" data-element_type=\"widget\" data-e-type=\"widget\" data-widget_type=\"heading.default\">\n\t\t\t\t<div class=\"elementor-widget-container\">\n\t\t\t\t\t<h2 class=\"elementor-heading-title elementor-size-default\">CORDON (4Fil, Tersan)<\/h2>\t\t\t\t<\/div>\n\t\t\t\t<\/div>\n\t\t\t\t\t<\/div>\n\t\t\t\t<\/div>\n\t\t<div class=\"elementor-element elementor-element-52794882 elementor-hidden-desktop e-flex e-con-boxed e-con e-parent\" data-id=\"52794882\" data-element_type=\"container\" data-e-type=\"container\">\n\t\t\t\t\t<div class=\"e-con-inner\">\n\t\t\t\t<div class=\"elementor-element elementor-element-541ac812 elementor-widget elementor-widget-heading\" data-id=\"541ac812\" data-element_type=\"widget\" data-e-type=\"widget\" data-widget_type=\"heading.default\">\n\t\t\t\t<div class=\"elementor-widget-container\">\n\t\t\t\t\t<h2 class=\"elementor-heading-title elementor-size-default\">\u0623\u0646\u0648\u0627\u0639 \u0627\u0644\u0622\u0644\u0627\u062a<\/h2>\t\t\t\t<\/div>\n\t\t\t\t<\/div>\n\t\t\t\t\t<\/div>\n\t\t\t\t<\/div>\n\t\t<div class=\"elementor-element elementor-element-6d448da e-con-full e-flex e-con e-parent\" data-id=\"6d448da\" data-element_type=\"container\" data-e-type=\"container\">\n\t\t<div class=\"elementor-element elementor-element-027a586 e-con-full e-flex e-con e-child\" data-id=\"027a586\" data-element_type=\"container\" data-e-type=\"container\">\n\t\t\t\t<div class=\"elementor-element elementor-element-67f09a1 elementor-widget-mobile__width-initial elementor-widget elementor-widget-heading\" data-id=\"67f09a1\" data-element_type=\"widget\" data-e-type=\"widget\" data-widget_type=\"heading.default\">\n\t\t\t\t<div class=\"elementor-widget-container\">\n\t\t\t\t\t<h2 class=\"elementor-heading-title elementor-size-default\"><a href=\"https:\/\/yuemei.ma\/ar\/doux\/\">\u0631\u0623\u0633 \u0648\u0627\u062d\u062f<\/a><\/h2>\t\t\t\t<\/div>\n\t\t\t\t<\/div>\n\t\t\t\t<\/div>\n\t\t<div class=\"elementor-element elementor-element-257fba8 e-con-full e-flex e-con e-child\" data-id=\"257fba8\" data-element_type=\"container\" data-e-type=\"container\">\n\t\t\t\t<div class=\"elementor-element elementor-element-e204f34 elementor-widget-mobile__width-initial elementor-widget elementor-widget-heading\" data-id=\"e204f34\" data-element_type=\"widget\" data-e-type=\"widget\" data-widget_type=\"heading.default\">\n\t\t\t\t<div class=\"elementor-widget-container\">\n\t\t\t\t\t<h2 class=\"elementor-heading-title elementor-size-default\"><a href=\"https:\/\/yuemei.ma\/ar\/chenille\/\">\u0627\u0644\u0634\u064a\u0646\u064a\u0644<\/a><\/h2>\t\t\t\t<\/div>\n\t\t\t\t<\/div>\n\t\t\t\t<\/div>\n\t\t<div class=\"elementor-element elementor-element-34869de e-con-full e-flex e-con e-child\" data-id=\"34869de\" data-element_type=\"container\" data-e-type=\"container\">\n\t\t\t\t<div class=\"elementor-element elementor-element-3ab729d elementor-widget-mobile__width-initial elementor-widget elementor-widget-heading\" data-id=\"3ab729d\" data-element_type=\"widget\" data-e-type=\"widget\" data-widget_type=\"heading.default\">\n\t\t\t\t<div class=\"elementor-widget-container\">\n\t\t\t\t\t<h2 class=\"elementor-heading-title elementor-size-default\"><a href=\"https:\/\/yuemei.ma\/ar\/plat\/\">\u0627\u0644\u0637\u0631\u0632<\/a><\/h2>\t\t\t\t<\/div>\n\t\t\t\t<\/div>\n\t\t\t\t<\/div>\n\t\t<div class=\"elementor-element elementor-element-f3b347f e-con-full e-flex e-con e-child\" data-id=\"f3b347f\" data-element_type=\"container\" data-e-type=\"container\">\n\t\t\t\t<div class=\"elementor-element elementor-element-38901de elementor-widget-mobile__width-initial elementor-widget elementor-widget-heading\" data-id=\"38901de\" data-element_type=\"widget\" data-e-type=\"widget\" data-widget_type=\"heading.default\">\n\t\t\t\t<div class=\"elementor-widget-container\">\n\t\t\t\t\t<h2 class=\"elementor-heading-title elementor-size-default\"><a href=\"https:\/\/yuemei.ma\/ar\/chapeau\/\">\u0627\u0644\u0642\u0628\u0639\u0627\u062a<\/a><\/h2>\t\t\t\t<\/div>\n\t\t\t\t<\/div>\n\t\t\t\t<\/div>\n\t\t<div class=\"elementor-element elementor-element-f23dbe7 e-con-full e-flex e-con e-child\" data-id=\"f23dbe7\" data-element_type=\"container\" data-e-type=\"container\">\n\t\t\t\t<div class=\"elementor-element elementor-element-7a97d96 elementor-widget-mobile__width-initial elementor-widget elementor-widget-heading\" data-id=\"7a97d96\" data-element_type=\"widget\" data-e-type=\"widget\" data-widget_type=\"heading.default\">\n\t\t\t\t<div class=\"elementor-widget-container\">\n\t\t\t\t\t<h2 class=\"elementor-heading-title elementor-size-default\"><a href=\"https:\/\/yuemei.ma\/ar\/corde\/\">\u0627\u0644\u0643\u0648\u0631\u062f\u0648\u0646 (\u0627\u0644\u0637\u0631\u0633\u0627\u0646)<\/a><\/h2>\t\t\t\t<\/div>\n\t\t\t\t<\/div>\n\t\t\t\t<\/div>\n\t\t<div class=\"elementor-element elementor-element-baac106 e-con-full e-flex e-con e-child\" data-id=\"baac106\" data-element_type=\"container\" data-e-type=\"container\">\n\t\t\t\t<div class=\"elementor-element elementor-element-ee7e4a5 elementor-widget-mobile__width-initial elementor-widget elementor-widget-heading\" data-id=\"ee7e4a5\" data-element_type=\"widget\" data-e-type=\"widget\" data-widget_type=\"heading.default\">\n\t\t\t\t<div class=\"elementor-widget-container\">\n\t\t\t\t\t<h2 class=\"elementor-heading-title elementor-size-default\"><a href=\"https:\/\/yuemei.ma\/ar\/dentelle\/\">\u062f\u0648\u0646\u0637\u064a\u0644<\/a><\/h2>\t\t\t\t<\/div>\n\t\t\t\t<\/div>\n\t\t\t\t<\/div>\n\t\t<div class=\"elementor-element elementor-element-ab34b3f e-con-full e-flex e-con e-child\" data-id=\"ab34b3f\" data-element_type=\"container\" data-e-type=\"container\">\n\t\t\t\t<div class=\"elementor-element elementor-element-0f2ae69 elementor-widget-mobile__width-initial elementor-widget elementor-widget-heading\" data-id=\"0f2ae69\" data-element_type=\"widget\" data-e-type=\"widget\" data-widget_type=\"heading.default\">\n\t\t\t\t<div class=\"elementor-widget-container\">\n\t\t\t\t\t<h2 class=\"elementor-heading-title elementor-size-default\"><a href=\"https:\/\/yuemei.ma\/ar\/melange-chenille-et-plat\/\">\u062e\u0644\u064a\u0637<\/a><\/h2>\t\t\t\t<\/div>\n\t\t\t\t<\/div>\n\t\t\t\t<\/div>\n\t\t<div class=\"elementor-element elementor-element-90cb3c6 e-con-full e-flex e-con e-child\" data-id=\"90cb3c6\" data-element_type=\"container\" data-e-type=\"container\">\n\t\t\t\t<div class=\"elementor-element elementor-element-a4dcfe7 elementor-widget-mobile__width-initial elementor-widget elementor-widget-heading\" data-id=\"a4dcfe7\" data-element_type=\"widget\" data-e-type=\"widget\" data-widget_type=\"heading.default\">\n\t\t\t\t<div class=\"elementor-widget-container\">\n\t\t\t\t\t<h2 class=\"elementor-heading-title elementor-size-default\"><a href=\"https:\/\/yuemei.ma\/ar\/paillete\/\">\u0628\u0627\u064a\u064a\u0637 (\u0645\u0648\u0632\u0648\u0646)<\/a><\/h2>\t\t\t\t<\/div>\n\t\t\t\t<\/div>\n\t\t\t\t<\/div>\n\t\t<div class=\"elementor-element elementor-element-444698e e-con-full e-flex e-con e-child\" data-id=\"444698e\" data-element_type=\"container\" data-e-type=\"container\">\n\t\t\t\t<div class=\"elementor-element elementor-element-92831ce elementor-widget-mobile__width-initial elementor-widget elementor-widget-heading\" data-id=\"92831ce\" data-element_type=\"widget\" data-e-type=\"widget\" data-widget_type=\"heading.default\">\n\t\t\t\t<div class=\"elementor-widget-container\">\n\t\t\t\t\t<h2 class=\"elementor-heading-title elementor-size-default\"><a href=\"https:\/\/yuemei.ma\/ar\/perle\/\">\u0627\u0644\u0639\u0642\u064a\u0642<\/a><\/h2>\t\t\t\t<\/div>\n\t\t\t\t<\/div>\n\t\t\t\t<\/div>\n\t\t<div class=\"elementor-element elementor-element-98b7969 e-con-full e-flex e-con e-child\" data-id=\"98b7969\" data-element_type=\"container\" data-e-type=\"container\">\n\t\t\t\t<div class=\"elementor-element elementor-element-ae595f4 elementor-widget-mobile__width-initial elementor-widget elementor-widget-heading\" data-id=\"ae595f4\" data-element_type=\"widget\" data-e-type=\"widget\" data-widget_type=\"heading.default\">\n\t\t\t\t<div class=\"elementor-widget-container\">\n\t\t\t\t\t<h2 class=\"elementor-heading-title elementor-size-default\"><a href=\"https:\/\/yuemei.ma\/ar\/dtf\/\">DTF<\/a><\/h2>\t\t\t\t<\/div>\n\t\t\t\t<\/div>\n\t\t\t\t<\/div>\n\t\t<div class=\"elementor-element elementor-element-7729728 e-con-full e-flex e-con e-child\" data-id=\"7729728\" data-element_type=\"container\" data-e-type=\"container\">\n\t\t\t\t<div class=\"elementor-element elementor-element-9242c49 elementor-widget-mobile__width-initial elementor-widget elementor-widget-heading\" data-id=\"9242c49\" data-element_type=\"widget\" data-e-type=\"widget\" data-widget_type=\"heading.default\">\n\t\t\t\t<div class=\"elementor-widget-container\">\n\t\t\t\t\t<h2 class=\"elementor-heading-title elementor-size-default\"><a href=\"https:\/\/yuemei.ma\/ar\/dispositifs-supplementaires\/\">\u0627\u0644\u0623\u062c\u0647\u0632\u0629<\/a><\/h2>\t\t\t\t<\/div>\n\t\t\t\t<\/div>\n\t\t\t\t<\/div>\n\t\t<div class=\"elementor-element elementor-element-849cd8c e-con-full e-flex e-con e-child\" data-id=\"849cd8c\" data-element_type=\"container\" data-e-type=\"container\">\n\t\t\t\t<div class=\"elementor-element elementor-element-bc14d35 elementor-widget-mobile__width-initial elementor-widget elementor-widget-heading\" data-id=\"bc14d35\" data-element_type=\"widget\" data-e-type=\"widget\" data-widget_type=\"heading.default\">\n\t\t\t\t<div class=\"elementor-widget-container\">\n\t\t\t\t\t<h2 class=\"elementor-heading-title elementor-size-default\"><a href=\"https:\/\/yuemei.ma\/ar\/consommable\/\">\u0627\u0644\u0645\u0648\u0627\u062f \u0627\u0644\u0627\u0633\u062a\u0647\u0644\u0627\u0643\u064a\u0629<\/a><\/h2>\t\t\t\t<\/div>\n\t\t\t\t<\/div>\n\t\t\t\t<\/div>\n\t\t\t\t<\/div>\n\t\t<div class=\"elementor-element elementor-element-67a41a53 e-flex e-con-boxed e-con e-parent\" data-id=\"67a41a53\" data-element_type=\"container\" data-e-type=\"container\">\n\t\t\t\t\t<div class=\"e-con-inner\">\n\t\t<div class=\"elementor-element elementor-element-297595ce e-con-full e-flex e-con e-child\" data-id=\"297595ce\" data-element_type=\"container\" data-e-type=\"container\">\n\t\t\t\t<div class=\"elementor-element elementor-element-33c79031 elementor-widget elementor-widget-heading\" data-id=\"33c79031\" data-element_type=\"widget\" data-e-type=\"widget\" data-widget_type=\"heading.default\">\n\t\t\t\t<div class=\"elementor-widget-container\">\n\t\t\t\t\t<h2 class=\"elementor-heading-title elementor-size-default\">M\u00e9lange SC\n<\/h2>\t\t\t\t<\/div>\n\t\t\t\t<\/div>\n\t\t<div class=\"elementor-element elementor-element-4c77cab e-grid e-con-full e-con e-child\" data-id=\"4c77cab\" data-element_type=\"container\" data-e-type=\"container\">\n\t\t\t\t<div class=\"elementor-element elementor-element-c90523d elementor-widget elementor-widget-image\" data-id=\"c90523d\" data-element_type=\"widget\" data-e-type=\"widget\" data-widget_type=\"image.default\">\n\t\t\t\t<div class=\"elementor-widget-container\">\n\t\t\t\t\t\t\t\t\t\t\t\t\t\t\t<img decoding=\"async\" width=\"500\" height=\"500\" src=\"https:\/\/yuemei.ma\/wp-content\/uploads\/2024\/12\/Untitled-design-5.png\" class=\"attachment-full size-full wp-image-266\" alt=\"\" srcset=\"https:\/\/yuemei.ma\/wp-content\/uploads\/2024\/12\/Untitled-design-5.png 500w, https:\/\/yuemei.ma\/wp-content\/uploads\/2024\/12\/Untitled-design-5-300x300.png 300w, https:\/\/yuemei.ma\/wp-content\/uploads\/2024\/12\/Untitled-design-5-150x150.png 150w, https:\/\/yuemei.ma\/wp-content\/uploads\/2024\/12\/Untitled-design-5-100x100.png 100w\" sizes=\"(max-width: 500px) 100vw, 500px\" \/>\t\t\t\t\t\t\t\t\t\t\t\t\t\t\t<\/div>\n\t\t\t\t<\/div>\n\t\t<div class=\"elementor-element elementor-element-55b5afa e-grid e-con-full e-con e-child\" data-id=\"55b5afa\" data-element_type=\"container\" data-e-type=\"container\">\n\t\t\t\t<div class=\"elementor-element elementor-element-0d77a52 elementor-widget elementor-widget-image\" data-id=\"0d77a52\" data-element_type=\"widget\" data-e-type=\"widget\" data-widget_type=\"image.default\">\n\t\t\t\t<div class=\"elementor-widget-container\">\n\t\t\t\t\t\t\t\t\t\t\t\t\t\t\t<img decoding=\"async\" width=\"500\" height=\"500\" src=\"https:\/\/yuemei.ma\/wp-content\/uploads\/2024\/12\/Untitled-design-10.png\" class=\"attachment-large size-large wp-image-516\" alt=\"\" srcset=\"https:\/\/yuemei.ma\/wp-content\/uploads\/2024\/12\/Untitled-design-10.png 500w, https:\/\/yuemei.ma\/wp-content\/uploads\/2024\/12\/Untitled-design-10-300x300.png 300w, https:\/\/yuemei.ma\/wp-content\/uploads\/2024\/12\/Untitled-design-10-150x150.png 150w, https:\/\/yuemei.ma\/wp-content\/uploads\/2024\/12\/Untitled-design-10-12x12.png 12w, https:\/\/yuemei.ma\/wp-content\/uploads\/2024\/12\/Untitled-design-10-100x100.png 100w\" sizes=\"(max-width: 500px) 100vw, 500px\" \/>\t\t\t\t\t\t\t\t\t\t\t\t\t\t\t<\/div>\n\t\t\t\t<\/div>\n\t\t\t\t<div class=\"elementor-element elementor-element-dff4c90 elementor-widget elementor-widget-image\" data-id=\"dff4c90\" data-element_type=\"widget\" data-e-type=\"widget\" data-widget_type=\"image.default\">\n\t\t\t\t<div class=\"elementor-widget-container\">\n\t\t\t\t\t\t\t\t\t\t\t\t\t\t\t<img loading=\"lazy\" decoding=\"async\" width=\"500\" height=\"500\" src=\"https:\/\/yuemei.ma\/wp-content\/uploads\/2024\/12\/Untitled-design-11.png\" class=\"attachment-large size-large wp-image-517\" alt=\"\" srcset=\"https:\/\/yuemei.ma\/wp-content\/uploads\/2024\/12\/Untitled-design-11.png 500w, https:\/\/yuemei.ma\/wp-content\/uploads\/2024\/12\/Untitled-design-11-300x300.png 300w, https:\/\/yuemei.ma\/wp-content\/uploads\/2024\/12\/Untitled-design-11-150x150.png 150w, https:\/\/yuemei.ma\/wp-content\/uploads\/2024\/12\/Untitled-design-11-12x12.png 12w, https:\/\/yuemei.ma\/wp-content\/uploads\/2024\/12\/Untitled-design-11-100x100.png 100w\" sizes=\"(max-width: 500px) 100vw, 500px\" \/>\t\t\t\t\t\t\t\t\t\t\t\t\t\t\t<\/div>\n\t\t\t\t<\/div>\n\t\t\t\t<\/div>\n\t\t\t\t<\/div>\n\t\t<div class=\"elementor-element elementor-element-5dfbf4e6 e-grid e-con-full e-con e-child\" data-id=\"5dfbf4e6\" data-element_type=\"container\" data-e-type=\"container\">\n\t\t<div class=\"elementor-element elementor-element-32b7be17 e-con-full e-flex e-con e-child\" data-id=\"32b7be17\" data-element_type=\"container\" data-e-type=\"container\">\n\t\t\t\t<div class=\"elementor-element elementor-element-4e65bda elementor-widget elementor-widget-heading\" data-id=\"4e65bda\" data-element_type=\"widget\" data-e-type=\"widget\" data-widget_type=\"heading.default\">\n\t\t\t\t<div class=\"elementor-widget-container\">\n\t\t\t\t\t<h2 class=\"elementor-heading-title elementor-size-default\">6-12-15-20<\/h2>\t\t\t\t<\/div>\n\t\t\t\t<\/div>\n\t\t\t\t<div class=\"elementor-element elementor-element-6f600796 elementor-widget elementor-widget-heading\" data-id=\"6f600796\" data-element_type=\"widget\" data-e-type=\"widget\" data-widget_type=\"heading.default\">\n\t\t\t\t<div class=\"elementor-widget-container\">\n\t\t\t\t\t<h2 class=\"elementor-heading-title elementor-size-default\">\u0639\u062f\u062f \u0627\u0644\u0631\u0624\u0648\u0633<\/h2>\t\t\t\t<\/div>\n\t\t\t\t<\/div>\n\t\t\t\t<\/div>\n\t\t<div class=\"elementor-element elementor-element-21f737ca e-con-full e-flex e-con e-child\" data-id=\"21f737ca\" data-element_type=\"container\" data-e-type=\"container\">\n\t\t\t\t<div class=\"elementor-element elementor-element-45159af5 elementor-widget elementor-widget-heading\" data-id=\"45159af5\" data-element_type=\"widget\" data-e-type=\"widget\" data-widget_type=\"heading.default\">\n\t\t\t\t<div class=\"elementor-widget-container\">\n\t\t\t\t\t<h2 class=\"elementor-heading-title elementor-size-default\">exigence du client\n<\/h2>\t\t\t\t<\/div>\n\t\t\t\t<\/div>\n\t\t\t\t<div class=\"elementor-element elementor-element-4db40da1 elementor-widget elementor-widget-heading\" data-id=\"4db40da1\" data-element_type=\"widget\" data-e-type=\"widget\" data-widget_type=\"heading.default\">\n\t\t\t\t<div class=\"elementor-widget-container\">\n\t\t\t\t\t<h2 class=\"elementor-heading-title elementor-size-default\">\u0639\u062f\u062f \u0627\u0644\u0625\u0628\u0631<\/h2>\t\t\t\t<\/div>\n\t\t\t\t<\/div>\n\t\t\t\t<\/div>\n\t\t<div class=\"elementor-element elementor-element-122e405f e-con-full e-flex e-con e-child\" data-id=\"122e405f\" data-element_type=\"container\" data-e-type=\"container\">\n\t\t\t\t<div class=\"elementor-element elementor-element-e7e32eb elementor-widget elementor-widget-heading\" data-id=\"e7e32eb\" data-element_type=\"widget\" data-e-type=\"widget\" data-widget_type=\"heading.default\">\n\t\t\t\t<div class=\"elementor-widget-container\">\n\t\t\t\t\t<h2 class=\"elementor-heading-title elementor-size-default\">exigence du client\n<\/h2>\t\t\t\t<\/div>\n\t\t\t\t<\/div>\n\t\t\t\t<div class=\"elementor-element elementor-element-445269c3 elementor-widget elementor-widget-heading\" data-id=\"445269c3\" data-element_type=\"widget\" data-e-type=\"widget\" data-widget_type=\"heading.default\">\n\t\t\t\t<div class=\"elementor-widget-container\">\n\t\t\t\t\t<h2 class=\"elementor-heading-title elementor-size-default\">\u0645\u0633\u0627\u062d\u0629 \u0627\u0644\u0637\u0631\u0632<\/h2>\t\t\t\t<\/div>\n\t\t\t\t<\/div>\n\t\t\t\t<\/div>\n\t\t\t\t<\/div>\n\t\t\t\t<\/div>\n\t\t\t\t\t<\/div>\n\t\t\t\t<\/div>\n\t\t<div class=\"elementor-element elementor-element-41f7f9d e-flex e-con-boxed e-con e-parent\" data-id=\"41f7f9d\" data-element_type=\"container\" data-e-type=\"container\">\n\t\t\t\t\t<div class=\"e-con-inner\">\n\t\t\t\t<div class=\"elementor-element elementor-element-00e4a71 elementor-align-center elementor-widget elementor-widget-button\" data-id=\"00e4a71\" data-element_type=\"widget\" data-e-type=\"widget\" data-widget_type=\"button.default\">\n\t\t\t\t<div class=\"elementor-widget-container\">\n\t\t\t\t\t\t\t\t\t<div class=\"elementor-button-wrapper\">\n\t\t\t\t\t<a class=\"elementor-button elementor-button-link elementor-size-sm elementor-animation-grow\" href=\"https:\/\/yuemei.ma\/ar\/commandez\/\">\n\t\t\t\t\t\t<span class=\"elementor-button-content-wrapper\">\n\t\t\t\t\t\t\t\t\t<span class=\"elementor-button-text\">\u0627\u0637\u0644\u0628 \u0622\u0644\u062a\u0643<\/span>\n\t\t\t\t\t<\/span>\n\t\t\t\t\t<\/a>\n\t\t\t\t<\/div>\n\t\t\t\t\t\t\t\t<\/div>\n\t\t\t\t<\/div>\n\t\t\t\t\t<\/div>\n\t\t\t\t<\/div>\n\t\t\t\t<\/div>","protected":false},"excerpt":{"rendered":"<p>CORDON (4Fil, Tersan) Types de machines 1 t\u00eate Chenille Broderie Casquette Cordon (tersan) Dentelle M\u00e9lange paillet\u00e9 (mozone) Perle (l39i9) DTF [&hellip;]<\/p>","protected":false},"author":1,"featured_media":0,"parent":0,"menu_order":0,"comment_status":"closed","ping_status":"closed","template":"","meta":{"site-sidebar-layout":"no-sidebar","site-content-layout":"","ast-site-content-layout":"full-width-container","site-content-style":"default","site-sidebar-style":"default","ast-global-header-display":"","ast-banner-title-visibility":"","ast-main-header-display":"","ast-hfb-above-header-display":"","ast-hfb-below-header-display":"","ast-hfb-mobile-header-display":"","site-post-title":"disabled","ast-breadcrumbs-content":"","ast-featured-img":"disabled","footer-sml-layout":"","ast-disable-related-posts":"","theme-transparent-header-meta":"","adv-header-id-meta":"","stick-header-meta":"","header-above-stick-meta":"","header-main-stick-meta":"","header-below-stick-meta":"","astra-migrate-meta-layouts":"default","ast-page-background-enabled":"default","ast-page-background-meta":{"desktop":{"background-color":"var(--ast-global-color-4)","background-image":"","background-repeat":"repeat","background-position":"center center","background-size":"auto","background-attachment":"scroll","background-type":"","background-media":"","overlay-type":"","overlay-color":"","overlay-opacity":"","overlay-gradient":""},"tablet":{"background-color":"","background-image":"","background-repeat":"repeat","background-position":"center center","background-size":"auto","background-attachment":"scroll","background-type":"","background-media":"","overlay-type":"","overlay-color":"","overlay-opacity":"","overlay-gradient":""},"mobile":{"background-color":"","background-image":"","background-repeat":"repeat","background-position":"center center","background-size":"auto","background-attachment":"scroll","background-type":"","background-media":"","overlay-type":"","overlay-color":"","overlay-opacity":"","overlay-gradient":""}},"ast-content-background-meta":{"desktop":{"background-color":"var(--ast-global-color-5)","background-image":"","background-repeat":"repeat","background-position":"center center","background-size":"auto","background-attachment":"scroll","background-type":"","background-media":"","overlay-type":"","overlay-color":"","overlay-opacity":"","overlay-gradient":""},"tablet":{"background-color":"var(--ast-global-color-5)","background-image":"","background-repeat":"repeat","background-position":"center center","background-size":"auto","background-attachment":"scroll","background-type":"","background-media":"","overlay-type":"","overlay-color":"","overlay-opacity":"","overlay-gradient":""},"mobile":{"background-color":"var(--ast-global-color-5)","background-image":"","background-repeat":"repeat","background-position":"center center","background-size":"auto","background-attachment":"scroll","background-type":"","background-media":"","overlay-type":"","overlay-color":"","overlay-opacity":"","overlay-gradient":""}},"footnotes":""},"class_list":["post-131","page","type-page","status-publish","hentry"],"_links":{"self":[{"href":"https:\/\/yuemei.ma\/ar\/wp-json\/wp\/v2\/pages\/131","targetHints":{"allow":["GET"]}}],"collection":[{"href":"https:\/\/yuemei.ma\/ar\/wp-json\/wp\/v2\/pages"}],"about":[{"href":"https:\/\/yuemei.ma\/ar\/wp-json\/wp\/v2\/types\/page"}],"author":[{"embeddable":true,"href":"https:\/\/yuemei.ma\/ar\/wp-json\/wp\/v2\/users\/1"}],"replies":[{"embeddable":true,"href":"https:\/\/yuemei.ma\/ar\/wp-json\/wp\/v2\/comments?post=131"}],"version-history":[{"count":19,"href":"https:\/\/yuemei.ma\/ar\/wp-json\/wp\/v2\/pages\/131\/revisions"}],"predecessor-version":[{"id":520,"href":"https:\/\/yuemei.ma\/ar\/wp-json\/wp\/v2\/pages\/131\/revisions\/520"}],"wp:attachment":[{"href":"https:\/\/yuemei.ma\/ar\/wp-json\/wp\/v2\/media?parent=131"}],"curies":[{"name":"wp","href":"https:\/\/api.w.org\/{rel}","templated":true}]}}