{"id":410,"date":"2024-12-24T12:26:38","date_gmt":"2024-12-24T12:26:38","guid":{"rendered":"https:\/\/yuemei.ma\/?page_id=410"},"modified":"2024-12-25T13:32:46","modified_gmt":"2024-12-25T13:32:46","slug":"paillete","status":"publish","type":"page","link":"https:\/\/yuemei.ma\/ar\/paillete\/","title":{"rendered":"Paillet\u00e9"},"content":{"rendered":"<div data-elementor-type=\"wp-page\" data-elementor-id=\"410\" class=\"elementor elementor-410\">\n\t\t\t\t<div class=\"elementor-element elementor-element-4dce464f e-flex e-con-boxed e-con e-parent\" data-id=\"4dce464f\" data-element_type=\"container\" data-e-type=\"container\">\n\t\t\t\t\t<div class=\"e-con-inner\">\n\t\t\t\t<div class=\"elementor-element elementor-element-36e1cbed elementor-widget elementor-widget-image\" data-id=\"36e1cbed\" data-element_type=\"widget\" data-e-type=\"widget\" data-widget_type=\"image.default\">\n\t\t\t\t<div class=\"elementor-widget-container\">\n\t\t\t\t\t\t\t\t\t\t\t\t\t\t\t<img fetchpriority=\"high\" decoding=\"async\" width=\"1024\" height=\"160\" src=\"https:\/\/yuemei.ma\/wp-content\/uploads\/2024\/12\/Product-Cover-1024x160.jpg\" class=\"attachment-large size-large wp-image-83\" alt=\"\" srcset=\"https:\/\/yuemei.ma\/wp-content\/uploads\/2024\/12\/Product-Cover-1024x160.jpg 1024w, https:\/\/yuemei.ma\/wp-content\/uploads\/2024\/12\/Product-Cover-300x47.jpg 300w, https:\/\/yuemei.ma\/wp-content\/uploads\/2024\/12\/Product-Cover-768x120.jpg 768w, https:\/\/yuemei.ma\/wp-content\/uploads\/2024\/12\/Product-Cover-1536x241.jpg 1536w, https:\/\/yuemei.ma\/wp-content\/uploads\/2024\/12\/Product-Cover-600x94.jpg 600w, https:\/\/yuemei.ma\/wp-content\/uploads\/2024\/12\/Product-Cover.jpg 1921w\" sizes=\"(max-width: 1024px) 100vw, 1024px\" \/>\t\t\t\t\t\t\t\t\t\t\t\t\t\t\t<\/div>\n\t\t\t\t<\/div>\n\t\t\t\t\t<\/div>\n\t\t\t\t<\/div>\n\t\t<div class=\"elementor-element elementor-element-3df82ece e-flex e-con-boxed e-con e-parent\" data-id=\"3df82ece\" data-element_type=\"container\" data-e-type=\"container\">\n\t\t\t\t\t<div class=\"e-con-inner\">\n\t\t\t\t<div class=\"elementor-element elementor-element-34b2b952 elementor-widget elementor-widget-heading\" data-id=\"34b2b952\" data-element_type=\"widget\" data-e-type=\"widget\" data-widget_type=\"heading.default\">\n\t\t\t\t<div class=\"elementor-widget-container\">\n\t\t\t\t\t<h2 class=\"elementor-heading-title elementor-size-default\">paillet\u00e9 ( mozone)<\/h2>\t\t\t\t<\/div>\n\t\t\t\t<\/div>\n\t\t\t\t\t<\/div>\n\t\t\t\t<\/div>\n\t\t<div class=\"elementor-element elementor-element-220f1a8f elementor-hidden-desktop e-flex e-con-boxed e-con e-parent\" data-id=\"220f1a8f\" data-element_type=\"container\" data-e-type=\"container\">\n\t\t\t\t\t<div class=\"e-con-inner\">\n\t\t\t\t<div class=\"elementor-element elementor-element-38496de elementor-widget elementor-widget-heading\" data-id=\"38496de\" data-element_type=\"widget\" data-e-type=\"widget\" data-widget_type=\"heading.default\">\n\t\t\t\t<div class=\"elementor-widget-container\">\n\t\t\t\t\t<h2 class=\"elementor-heading-title elementor-size-default\">\u0623\u0646\u0648\u0627\u0639 \u0627\u0644\u0622\u0644\u0627\u062a<\/h2>\t\t\t\t<\/div>\n\t\t\t\t<\/div>\n\t\t\t\t\t<\/div>\n\t\t\t\t<\/div>\n\t\t<div class=\"elementor-element elementor-element-a07baf4 e-con-full e-flex e-con e-parent\" data-id=\"a07baf4\" data-element_type=\"container\" data-e-type=\"container\">\n\t\t<div class=\"elementor-element elementor-element-c8a7c8d e-con-full e-flex e-con e-child\" data-id=\"c8a7c8d\" data-element_type=\"container\" data-e-type=\"container\">\n\t\t\t\t<div class=\"elementor-element elementor-element-a80ccf8 elementor-widget-mobile__width-initial elementor-widget elementor-widget-heading\" data-id=\"a80ccf8\" data-element_type=\"widget\" data-e-type=\"widget\" data-widget_type=\"heading.default\">\n\t\t\t\t<div class=\"elementor-widget-container\">\n\t\t\t\t\t<h2 class=\"elementor-heading-title elementor-size-default\"><a href=\"https:\/\/yuemei.ma\/ar\/doux\/\">\u0631\u0623\u0633 \u0648\u0627\u062d\u062f<\/a><\/h2>\t\t\t\t<\/div>\n\t\t\t\t<\/div>\n\t\t\t\t<\/div>\n\t\t<div class=\"elementor-element elementor-element-faa8b33 e-con-full e-flex e-con e-child\" data-id=\"faa8b33\" data-element_type=\"container\" data-e-type=\"container\">\n\t\t\t\t<div class=\"elementor-element elementor-element-8532ada elementor-widget-mobile__width-initial elementor-widget elementor-widget-heading\" data-id=\"8532ada\" data-element_type=\"widget\" data-e-type=\"widget\" data-widget_type=\"heading.default\">\n\t\t\t\t<div class=\"elementor-widget-container\">\n\t\t\t\t\t<h2 class=\"elementor-heading-title elementor-size-default\"><a href=\"https:\/\/yuemei.ma\/ar\/chenille\/\">\u0627\u0644\u0634\u064a\u0646\u064a\u0644<\/a><\/h2>\t\t\t\t<\/div>\n\t\t\t\t<\/div>\n\t\t\t\t<\/div>\n\t\t<div class=\"elementor-element elementor-element-c4a0157 e-con-full e-flex e-con e-child\" data-id=\"c4a0157\" data-element_type=\"container\" data-e-type=\"container\">\n\t\t\t\t<div class=\"elementor-element elementor-element-1a5e5eb elementor-widget-mobile__width-initial elementor-widget elementor-widget-heading\" data-id=\"1a5e5eb\" data-element_type=\"widget\" data-e-type=\"widget\" data-widget_type=\"heading.default\">\n\t\t\t\t<div class=\"elementor-widget-container\">\n\t\t\t\t\t<h2 class=\"elementor-heading-title elementor-size-default\"><a href=\"https:\/\/yuemei.ma\/ar\/plat\/\">\u0627\u0644\u0637\u0631\u0632<\/a><\/h2>\t\t\t\t<\/div>\n\t\t\t\t<\/div>\n\t\t\t\t<\/div>\n\t\t<div class=\"elementor-element elementor-element-2f6533e e-con-full e-flex e-con e-child\" data-id=\"2f6533e\" data-element_type=\"container\" data-e-type=\"container\">\n\t\t\t\t<div class=\"elementor-element elementor-element-553270c elementor-widget-mobile__width-initial elementor-widget elementor-widget-heading\" data-id=\"553270c\" data-element_type=\"widget\" data-e-type=\"widget\" data-widget_type=\"heading.default\">\n\t\t\t\t<div class=\"elementor-widget-container\">\n\t\t\t\t\t<h2 class=\"elementor-heading-title elementor-size-default\"><a href=\"https:\/\/yuemei.ma\/ar\/chapeau\/\">\u0627\u0644\u0642\u0628\u0639\u0627\u062a<\/a><\/h2>\t\t\t\t<\/div>\n\t\t\t\t<\/div>\n\t\t\t\t<\/div>\n\t\t<div class=\"elementor-element elementor-element-ee8b672 e-con-full e-flex e-con e-child\" data-id=\"ee8b672\" data-element_type=\"container\" data-e-type=\"container\">\n\t\t\t\t<div class=\"elementor-element elementor-element-00903b7 elementor-widget-mobile__width-initial elementor-widget elementor-widget-heading\" data-id=\"00903b7\" data-element_type=\"widget\" data-e-type=\"widget\" data-widget_type=\"heading.default\">\n\t\t\t\t<div class=\"elementor-widget-container\">\n\t\t\t\t\t<h2 class=\"elementor-heading-title elementor-size-default\"><a href=\"https:\/\/yuemei.ma\/ar\/corde\/\">\u0627\u0644\u0643\u0648\u0631\u062f\u0648\u0646 (\u0627\u0644\u0637\u0631\u0633\u0627\u0646)<\/a><\/h2>\t\t\t\t<\/div>\n\t\t\t\t<\/div>\n\t\t\t\t<\/div>\n\t\t<div class=\"elementor-element elementor-element-9d7510e e-con-full e-flex e-con e-child\" data-id=\"9d7510e\" data-element_type=\"container\" data-e-type=\"container\">\n\t\t\t\t<div class=\"elementor-element elementor-element-fb2a5cc elementor-widget-mobile__width-initial elementor-widget elementor-widget-heading\" data-id=\"fb2a5cc\" data-element_type=\"widget\" data-e-type=\"widget\" data-widget_type=\"heading.default\">\n\t\t\t\t<div class=\"elementor-widget-container\">\n\t\t\t\t\t<h2 class=\"elementor-heading-title elementor-size-default\"><a href=\"https:\/\/yuemei.ma\/ar\/dentelle\/\">\u062f\u0648\u0646\u0637\u064a\u0644<\/a><\/h2>\t\t\t\t<\/div>\n\t\t\t\t<\/div>\n\t\t\t\t<\/div>\n\t\t<div class=\"elementor-element elementor-element-6f40f81 e-con-full e-flex e-con e-child\" data-id=\"6f40f81\" data-element_type=\"container\" data-e-type=\"container\">\n\t\t\t\t<div class=\"elementor-element elementor-element-1d76f31 elementor-widget-mobile__width-initial elementor-widget elementor-widget-heading\" data-id=\"1d76f31\" data-element_type=\"widget\" data-e-type=\"widget\" data-widget_type=\"heading.default\">\n\t\t\t\t<div class=\"elementor-widget-container\">\n\t\t\t\t\t<h2 class=\"elementor-heading-title elementor-size-default\"><a href=\"https:\/\/yuemei.ma\/ar\/melange-chenille-et-plat\/\">\u062e\u0644\u064a\u0637<\/a><\/h2>\t\t\t\t<\/div>\n\t\t\t\t<\/div>\n\t\t\t\t<\/div>\n\t\t<div class=\"elementor-element elementor-element-a0dfb1a e-con-full e-flex e-con e-child\" data-id=\"a0dfb1a\" data-element_type=\"container\" data-e-type=\"container\">\n\t\t\t\t<div class=\"elementor-element elementor-element-c554a6f elementor-widget-mobile__width-initial elementor-widget elementor-widget-heading\" data-id=\"c554a6f\" data-element_type=\"widget\" data-e-type=\"widget\" data-widget_type=\"heading.default\">\n\t\t\t\t<div class=\"elementor-widget-container\">\n\t\t\t\t\t<h2 class=\"elementor-heading-title elementor-size-default\"><a href=\"https:\/\/yuemei.ma\/ar\/paillete\/\">\u0628\u0627\u064a\u064a\u0637 (\u0645\u0648\u0632\u0648\u0646)<\/a><\/h2>\t\t\t\t<\/div>\n\t\t\t\t<\/div>\n\t\t\t\t<\/div>\n\t\t<div class=\"elementor-element elementor-element-468ea04 e-con-full e-flex e-con e-child\" data-id=\"468ea04\" data-element_type=\"container\" data-e-type=\"container\">\n\t\t\t\t<div class=\"elementor-element elementor-element-e22a3ec elementor-widget-mobile__width-initial elementor-widget elementor-widget-heading\" data-id=\"e22a3ec\" data-element_type=\"widget\" data-e-type=\"widget\" data-widget_type=\"heading.default\">\n\t\t\t\t<div class=\"elementor-widget-container\">\n\t\t\t\t\t<h2 class=\"elementor-heading-title elementor-size-default\"><a href=\"https:\/\/yuemei.ma\/ar\/perle\/\">\u0627\u0644\u0639\u0642\u064a\u0642<\/a><\/h2>\t\t\t\t<\/div>\n\t\t\t\t<\/div>\n\t\t\t\t<\/div>\n\t\t<div class=\"elementor-element elementor-element-e8c34c9 e-con-full e-flex e-con e-child\" data-id=\"e8c34c9\" data-element_type=\"container\" data-e-type=\"container\">\n\t\t\t\t<div class=\"elementor-element elementor-element-028ee21 elementor-widget-mobile__width-initial elementor-widget elementor-widget-heading\" data-id=\"028ee21\" data-element_type=\"widget\" data-e-type=\"widget\" data-widget_type=\"heading.default\">\n\t\t\t\t<div class=\"elementor-widget-container\">\n\t\t\t\t\t<h2 class=\"elementor-heading-title elementor-size-default\"><a href=\"https:\/\/yuemei.ma\/ar\/dtf\/\">DTF<\/a><\/h2>\t\t\t\t<\/div>\n\t\t\t\t<\/div>\n\t\t\t\t<\/div>\n\t\t<div class=\"elementor-element elementor-element-6cff790 e-con-full e-flex e-con e-child\" data-id=\"6cff790\" data-element_type=\"container\" data-e-type=\"container\">\n\t\t\t\t<div class=\"elementor-element elementor-element-fad3bb2 elementor-widget-mobile__width-initial elementor-widget elementor-widget-heading\" data-id=\"fad3bb2\" data-element_type=\"widget\" data-e-type=\"widget\" data-widget_type=\"heading.default\">\n\t\t\t\t<div class=\"elementor-widget-container\">\n\t\t\t\t\t<h2 class=\"elementor-heading-title elementor-size-default\"><a href=\"https:\/\/yuemei.ma\/ar\/dispositifs-supplementaires\/\">\u0627\u0644\u0623\u062c\u0647\u0632\u0629<\/a><\/h2>\t\t\t\t<\/div>\n\t\t\t\t<\/div>\n\t\t\t\t<\/div>\n\t\t<div class=\"elementor-element elementor-element-e2e648e e-con-full e-flex e-con e-child\" data-id=\"e2e648e\" data-element_type=\"container\" data-e-type=\"container\">\n\t\t\t\t<div class=\"elementor-element elementor-element-4c3f18a elementor-widget-mobile__width-initial elementor-widget elementor-widget-heading\" data-id=\"4c3f18a\" data-element_type=\"widget\" data-e-type=\"widget\" data-widget_type=\"heading.default\">\n\t\t\t\t<div class=\"elementor-widget-container\">\n\t\t\t\t\t<h2 class=\"elementor-heading-title elementor-size-default\"><a href=\"https:\/\/yuemei.ma\/ar\/consommable\/\">\u0627\u0644\u0645\u0648\u0627\u062f \u0627\u0644\u0627\u0633\u062a\u0647\u0644\u0627\u0643\u064a\u0629<\/a><\/h2>\t\t\t\t<\/div>\n\t\t\t\t<\/div>\n\t\t\t\t<\/div>\n\t\t\t\t<\/div>\n\t\t<div class=\"elementor-element elementor-element-43e98249 e-flex e-con-boxed e-con e-parent\" data-id=\"43e98249\" data-element_type=\"container\" data-e-type=\"container\">\n\t\t\t\t\t<div class=\"e-con-inner\">\n\t\t<div class=\"elementor-element elementor-element-72f2a58b e-con-full e-flex e-con e-child\" data-id=\"72f2a58b\" data-element_type=\"container\" data-e-type=\"container\">\n\t\t\t\t<div class=\"elementor-element elementor-element-433d76f0 elementor-widget elementor-widget-heading\" data-id=\"433d76f0\" data-element_type=\"widget\" data-e-type=\"widget\" data-widget_type=\"heading.default\">\n\t\t\t\t<div class=\"elementor-widget-container\">\n\t\t\t\t\t<h2 class=\"elementor-heading-title elementor-size-default\">paillet\u00e9 (mozone)\u200b<\/h2>\t\t\t\t<\/div>\n\t\t\t\t<\/div>\n\t\t<div class=\"elementor-element elementor-element-c38d68d e-grid e-con-full e-con e-child\" data-id=\"c38d68d\" data-element_type=\"container\" data-e-type=\"container\">\n\t\t\t\t<div class=\"elementor-element elementor-element-fb6d336 elementor-widget elementor-widget-image\" data-id=\"fb6d336\" data-element_type=\"widget\" data-e-type=\"widget\" data-widget_type=\"image.default\">\n\t\t\t\t<div class=\"elementor-widget-container\">\n\t\t\t\t\t\t\t\t\t\t\t\t\t\t\t<img decoding=\"async\" width=\"500\" height=\"500\" src=\"https:\/\/yuemei.ma\/wp-content\/uploads\/2024\/12\/Untitled-design-7.png\" class=\"attachment-full size-full wp-image-432\" alt=\"\" srcset=\"https:\/\/yuemei.ma\/wp-content\/uploads\/2024\/12\/Untitled-design-7.png 500w, https:\/\/yuemei.ma\/wp-content\/uploads\/2024\/12\/Untitled-design-7-300x300.png 300w, https:\/\/yuemei.ma\/wp-content\/uploads\/2024\/12\/Untitled-design-7-150x150.png 150w, https:\/\/yuemei.ma\/wp-content\/uploads\/2024\/12\/Untitled-design-7-12x12.png 12w, https:\/\/yuemei.ma\/wp-content\/uploads\/2024\/12\/Untitled-design-7-100x100.png 100w\" sizes=\"(max-width: 500px) 100vw, 500px\" \/>\t\t\t\t\t\t\t\t\t\t\t\t\t\t\t<\/div>\n\t\t\t\t<\/div>\n\t\t<div class=\"elementor-element elementor-element-55d2779 e-grid e-con-full e-con e-child\" data-id=\"55d2779\" data-element_type=\"container\" data-e-type=\"container\">\n\t\t\t\t<div class=\"elementor-element elementor-element-650647b elementor-widget elementor-widget-image\" data-id=\"650647b\" data-element_type=\"widget\" data-e-type=\"widget\" data-widget_type=\"image.default\">\n\t\t\t\t<div class=\"elementor-widget-container\">\n\t\t\t\t\t\t\t\t\t\t\t\t\t\t\t<img decoding=\"async\" width=\"500\" height=\"500\" src=\"https:\/\/yuemei.ma\/wp-content\/uploads\/2024\/12\/Untitled-design-8.png\" class=\"attachment-large size-large wp-image-434\" alt=\"\" srcset=\"https:\/\/yuemei.ma\/wp-content\/uploads\/2024\/12\/Untitled-design-8.png 500w, https:\/\/yuemei.ma\/wp-content\/uploads\/2024\/12\/Untitled-design-8-300x300.png 300w, https:\/\/yuemei.ma\/wp-content\/uploads\/2024\/12\/Untitled-design-8-150x150.png 150w, https:\/\/yuemei.ma\/wp-content\/uploads\/2024\/12\/Untitled-design-8-12x12.png 12w, https:\/\/yuemei.ma\/wp-content\/uploads\/2024\/12\/Untitled-design-8-100x100.png 100w\" sizes=\"(max-width: 500px) 100vw, 500px\" \/>\t\t\t\t\t\t\t\t\t\t\t\t\t\t\t<\/div>\n\t\t\t\t<\/div>\n\t\t\t\t<div class=\"elementor-element elementor-element-fb3e773 elementor-widget elementor-widget-image\" data-id=\"fb3e773\" data-element_type=\"widget\" data-e-type=\"widget\" data-widget_type=\"image.default\">\n\t\t\t\t<div class=\"elementor-widget-container\">\n\t\t\t\t\t\t\t\t\t\t\t\t\t\t\t<img loading=\"lazy\" decoding=\"async\" width=\"500\" height=\"500\" src=\"https:\/\/yuemei.ma\/wp-content\/uploads\/2024\/12\/Untitled-design-9.png\" class=\"attachment-large size-large wp-image-435\" alt=\"\" srcset=\"https:\/\/yuemei.ma\/wp-content\/uploads\/2024\/12\/Untitled-design-9.png 500w, https:\/\/yuemei.ma\/wp-content\/uploads\/2024\/12\/Untitled-design-9-300x300.png 300w, https:\/\/yuemei.ma\/wp-content\/uploads\/2024\/12\/Untitled-design-9-150x150.png 150w, https:\/\/yuemei.ma\/wp-content\/uploads\/2024\/12\/Untitled-design-9-12x12.png 12w, https:\/\/yuemei.ma\/wp-content\/uploads\/2024\/12\/Untitled-design-9-100x100.png 100w\" sizes=\"(max-width: 500px) 100vw, 500px\" \/>\t\t\t\t\t\t\t\t\t\t\t\t\t\t\t<\/div>\n\t\t\t\t<\/div>\n\t\t\t\t<\/div>\n\t\t\t\t<\/div>\n\t\t<div class=\"elementor-element elementor-element-6f9aa440 e-grid e-con-full e-con e-child\" data-id=\"6f9aa440\" data-element_type=\"container\" data-e-type=\"container\">\n\t\t<div class=\"elementor-element elementor-element-59fdb5b1 e-con-full e-flex e-con e-child\" data-id=\"59fdb5b1\" data-element_type=\"container\" data-e-type=\"container\">\n\t\t\t\t<div class=\"elementor-element elementor-element-1c06d177 elementor-widget elementor-widget-heading\" data-id=\"1c06d177\" data-element_type=\"widget\" data-e-type=\"widget\" data-widget_type=\"heading.default\">\n\t\t\t\t<div class=\"elementor-widget-container\">\n\t\t\t\t\t<h2 class=\"elementor-heading-title elementor-size-default\">1-6-12-15-20<\/h2>\t\t\t\t<\/div>\n\t\t\t\t<\/div>\n\t\t\t\t<div class=\"elementor-element elementor-element-410f4f54 elementor-widget elementor-widget-heading\" data-id=\"410f4f54\" data-element_type=\"widget\" data-e-type=\"widget\" data-widget_type=\"heading.default\">\n\t\t\t\t<div class=\"elementor-widget-container\">\n\t\t\t\t\t<h2 class=\"elementor-heading-title elementor-size-default\">\u0639\u062f\u062f \u0627\u0644\u0631\u0624\u0648\u0633<\/h2>\t\t\t\t<\/div>\n\t\t\t\t<\/div>\n\t\t\t\t<\/div>\n\t\t<div class=\"elementor-element elementor-element-1863b63f e-con-full e-flex e-con e-child\" data-id=\"1863b63f\" data-element_type=\"container\" data-e-type=\"container\">\n\t\t\t\t<div class=\"elementor-element elementor-element-1684284e elementor-widget elementor-widget-heading\" data-id=\"1684284e\" data-element_type=\"widget\" data-e-type=\"widget\" data-widget_type=\"heading.default\">\n\t\t\t\t<div class=\"elementor-widget-container\">\n\t\t\t\t\t<h2 class=\"elementor-heading-title elementor-size-default\">Exigence de client<\/h2>\t\t\t\t<\/div>\n\t\t\t\t<\/div>\n\t\t\t\t<div class=\"elementor-element elementor-element-676e60b2 elementor-widget elementor-widget-heading\" data-id=\"676e60b2\" data-element_type=\"widget\" data-e-type=\"widget\" data-widget_type=\"heading.default\">\n\t\t\t\t<div class=\"elementor-widget-container\">\n\t\t\t\t\t<h2 class=\"elementor-heading-title elementor-size-default\">\u0639\u062f\u062f \u0627\u0644\u0625\u0628\u0631<\/h2>\t\t\t\t<\/div>\n\t\t\t\t<\/div>\n\t\t\t\t<\/div>\n\t\t<div class=\"elementor-element elementor-element-1235e116 e-con-full e-flex e-con e-child\" data-id=\"1235e116\" data-element_type=\"container\" data-e-type=\"container\">\n\t\t\t\t<div class=\"elementor-element elementor-element-528cd240 elementor-widget elementor-widget-heading\" data-id=\"528cd240\" data-element_type=\"widget\" data-e-type=\"widget\" data-widget_type=\"heading.default\">\n\t\t\t\t<div class=\"elementor-widget-container\">\n\t\t\t\t\t<h2 class=\"elementor-heading-title elementor-size-default\">Exigence de client\u200b<\/h2>\t\t\t\t<\/div>\n\t\t\t\t<\/div>\n\t\t\t\t<div class=\"elementor-element elementor-element-4ff5b5f6 elementor-widget elementor-widget-heading\" data-id=\"4ff5b5f6\" data-element_type=\"widget\" data-e-type=\"widget\" data-widget_type=\"heading.default\">\n\t\t\t\t<div class=\"elementor-widget-container\">\n\t\t\t\t\t<h2 class=\"elementor-heading-title elementor-size-default\">\u0645\u0633\u0627\u062d\u0629 \u0627\u0644\u0637\u0631\u0632<\/h2>\t\t\t\t<\/div>\n\t\t\t\t<\/div>\n\t\t\t\t<\/div>\n\t\t\t\t<\/div>\n\t\t\t\t<\/div>\n\t\t\t\t\t<\/div>\n\t\t\t\t<\/div>\n\t\t<div class=\"elementor-element elementor-element-29377ad e-flex e-con-boxed e-con e-parent\" data-id=\"29377ad\" data-element_type=\"container\" data-e-type=\"container\">\n\t\t\t\t\t<div class=\"e-con-inner\">\n\t\t\t\t<div class=\"elementor-element elementor-element-a69a84a elementor-align-center elementor-widget elementor-widget-button\" data-id=\"a69a84a\" data-element_type=\"widget\" data-e-type=\"widget\" data-widget_type=\"button.default\">\n\t\t\t\t<div class=\"elementor-widget-container\">\n\t\t\t\t\t\t\t\t\t<div class=\"elementor-button-wrapper\">\n\t\t\t\t\t<a class=\"elementor-button elementor-button-link elementor-size-sm elementor-animation-grow\" href=\"https:\/\/yuemei.ma\/ar\/commandez\/\">\n\t\t\t\t\t\t<span class=\"elementor-button-content-wrapper\">\n\t\t\t\t\t\t\t\t\t<span class=\"elementor-button-text\">\u0627\u0637\u0644\u0628 \u0622\u0644\u062a\u0643<\/span>\n\t\t\t\t\t<\/span>\n\t\t\t\t\t<\/a>\n\t\t\t\t<\/div>\n\t\t\t\t\t\t\t\t<\/div>\n\t\t\t\t<\/div>\n\t\t\t\t\t<\/div>\n\t\t\t\t<\/div>\n\t\t\t\t<\/div>","protected":false},"excerpt":{"rendered":"<p>paillet\u00e9 ( mozone) Types de machines 1 t\u00eate Chenille Broderie Casquette Cordon (tersan) Dentelle M\u00e9lange paillet\u00e9 (mozone) Perle (l39i9) DTF [&hellip;]<\/p>","protected":false},"author":1,"featured_media":0,"parent":0,"menu_order":0,"comment_status":"closed","ping_status":"closed","template":"","meta":{"site-sidebar-layout":"no-sidebar","site-content-layout":"","ast-site-content-layout":"full-width-container","site-content-style":"default","site-sidebar-style":"default","ast-global-header-display":"","ast-banner-title-visibility":"","ast-main-header-display":"","ast-hfb-above-header-display":"","ast-hfb-below-header-display":"","ast-hfb-mobile-header-display":"","site-post-title":"disabled","ast-breadcrumbs-content":"","ast-featured-img":"disabled","footer-sml-layout":"","ast-disable-related-posts":"","theme-transparent-header-meta":"","adv-header-id-meta":"","stick-header-meta":"","header-above-stick-meta":"","header-main-stick-meta":"","header-below-stick-meta":"","astra-migrate-meta-layouts":"default","ast-page-background-enabled":"default","ast-page-background-meta":{"desktop":{"background-color":"var(--ast-global-color-4)","background-image":"","background-repeat":"repeat","background-position":"center center","background-size":"auto","background-attachment":"scroll","background-type":"","background-media":"","overlay-type":"","overlay-color":"","overlay-opacity":"","overlay-gradient":""},"tablet":{"background-color":"","background-image":"","background-repeat":"repeat","background-position":"center center","background-size":"auto","background-attachment":"scroll","background-type":"","background-media":"","overlay-type":"","overlay-color":"","overlay-opacity":"","overlay-gradient":""},"mobile":{"background-color":"","background-image":"","background-repeat":"repeat","background-position":"center center","background-size":"auto","background-attachment":"scroll","background-type":"","background-media":"","overlay-type":"","overlay-color":"","overlay-opacity":"","overlay-gradient":""}},"ast-content-background-meta":{"desktop":{"background-color":"var(--ast-global-color-5)","background-image":"","background-repeat":"repeat","background-position":"center center","background-size":"auto","background-attachment":"scroll","background-type":"","background-media":"","overlay-type":"","overlay-color":"","overlay-opacity":"","overlay-gradient":""},"tablet":{"background-color":"var(--ast-global-color-5)","background-image":"","background-repeat":"repeat","background-position":"center center","background-size":"auto","background-attachment":"scroll","background-type":"","background-media":"","overlay-type":"","overlay-color":"","overlay-opacity":"","overlay-gradient":""},"mobile":{"background-color":"var(--ast-global-color-5)","background-image":"","background-repeat":"repeat","background-position":"center center","background-size":"auto","background-attachment":"scroll","background-type":"","background-media":"","overlay-type":"","overlay-color":"","overlay-opacity":"","overlay-gradient":""}},"footnotes":""},"class_list":["post-410","page","type-page","status-publish","hentry"],"_links":{"self":[{"href":"https:\/\/yuemei.ma\/ar\/wp-json\/wp\/v2\/pages\/410","targetHints":{"allow":["GET"]}}],"collection":[{"href":"https:\/\/yuemei.ma\/ar\/wp-json\/wp\/v2\/pages"}],"about":[{"href":"https:\/\/yuemei.ma\/ar\/wp-json\/wp\/v2\/types\/page"}],"author":[{"embeddable":true,"href":"https:\/\/yuemei.ma\/ar\/wp-json\/wp\/v2\/users\/1"}],"replies":[{"embeddable":true,"href":"https:\/\/yuemei.ma\/ar\/wp-json\/wp\/v2\/comments?post=410"}],"version-history":[{"count":16,"href":"https:\/\/yuemei.ma\/ar\/wp-json\/wp\/v2\/pages\/410\/revisions"}],"predecessor-version":[{"id":551,"href":"https:\/\/yuemei.ma\/ar\/wp-json\/wp\/v2\/pages\/410\/revisions\/551"}],"wp:attachment":[{"href":"https:\/\/yuemei.ma\/ar\/wp-json\/wp\/v2\/media?parent=410"}],"curies":[{"name":"wp","href":"https:\/\/api.w.org\/{rel}","templated":true}]}}