{"id":412,"date":"2024-12-24T12:40:48","date_gmt":"2024-12-24T12:40:48","guid":{"rendered":"https:\/\/yuemei.ma\/?page_id=412"},"modified":"2024-12-25T13:33:12","modified_gmt":"2024-12-25T13:33:12","slug":"perle","status":"publish","type":"page","link":"https:\/\/yuemei.ma\/ar\/perle\/","title":{"rendered":"Perle"},"content":{"rendered":"<div data-elementor-type=\"wp-page\" data-elementor-id=\"412\" class=\"elementor elementor-412\">\n\t\t\t\t<div class=\"elementor-element elementor-element-1adb98dd e-flex e-con-boxed e-con e-parent\" data-id=\"1adb98dd\" data-element_type=\"container\" data-e-type=\"container\">\n\t\t\t\t\t<div class=\"e-con-inner\">\n\t\t\t\t<div class=\"elementor-element elementor-element-7414c010 elementor-widget elementor-widget-image\" data-id=\"7414c010\" data-element_type=\"widget\" data-e-type=\"widget\" data-widget_type=\"image.default\">\n\t\t\t\t<div class=\"elementor-widget-container\">\n\t\t\t\t\t\t\t\t\t\t\t\t\t\t\t<img fetchpriority=\"high\" decoding=\"async\" width=\"1024\" height=\"160\" src=\"https:\/\/yuemei.ma\/wp-content\/uploads\/2024\/12\/Product-Cover-1024x160.jpg\" class=\"attachment-large size-large wp-image-83\" alt=\"\" srcset=\"https:\/\/yuemei.ma\/wp-content\/uploads\/2024\/12\/Product-Cover-1024x160.jpg 1024w, https:\/\/yuemei.ma\/wp-content\/uploads\/2024\/12\/Product-Cover-300x47.jpg 300w, https:\/\/yuemei.ma\/wp-content\/uploads\/2024\/12\/Product-Cover-768x120.jpg 768w, https:\/\/yuemei.ma\/wp-content\/uploads\/2024\/12\/Product-Cover-1536x241.jpg 1536w, https:\/\/yuemei.ma\/wp-content\/uploads\/2024\/12\/Product-Cover-600x94.jpg 600w, https:\/\/yuemei.ma\/wp-content\/uploads\/2024\/12\/Product-Cover.jpg 1921w\" sizes=\"(max-width: 1024px) 100vw, 1024px\" \/>\t\t\t\t\t\t\t\t\t\t\t\t\t\t\t<\/div>\n\t\t\t\t<\/div>\n\t\t\t\t\t<\/div>\n\t\t\t\t<\/div>\n\t\t<div class=\"elementor-element elementor-element-5f32bd8c e-flex e-con-boxed e-con e-parent\" data-id=\"5f32bd8c\" data-element_type=\"container\" data-e-type=\"container\">\n\t\t\t\t\t<div class=\"e-con-inner\">\n\t\t\t\t<div class=\"elementor-element elementor-element-e319ca3 elementor-widget elementor-widget-heading\" data-id=\"e319ca3\" data-element_type=\"widget\" data-e-type=\"widget\" data-widget_type=\"heading.default\">\n\t\t\t\t<div class=\"elementor-widget-container\">\n\t\t\t\t\t<h2 class=\"elementor-heading-title elementor-size-default\">\u0627\u0644\u0639\u0642\u064a\u0642<\/h2>\t\t\t\t<\/div>\n\t\t\t\t<\/div>\n\t\t\t\t\t<\/div>\n\t\t\t\t<\/div>\n\t\t<div class=\"elementor-element elementor-element-2ba011dc elementor-hidden-desktop e-flex e-con-boxed e-con e-parent\" data-id=\"2ba011dc\" data-element_type=\"container\" data-e-type=\"container\">\n\t\t\t\t\t<div class=\"e-con-inner\">\n\t\t\t\t<div class=\"elementor-element elementor-element-9224fc6 elementor-widget elementor-widget-heading\" data-id=\"9224fc6\" data-element_type=\"widget\" data-e-type=\"widget\" data-widget_type=\"heading.default\">\n\t\t\t\t<div class=\"elementor-widget-container\">\n\t\t\t\t\t<h2 class=\"elementor-heading-title elementor-size-default\">\u0623\u0646\u0648\u0627\u0639 \u0627\u0644\u0622\u0644\u0627\u062a<\/h2>\t\t\t\t<\/div>\n\t\t\t\t<\/div>\n\t\t\t\t\t<\/div>\n\t\t\t\t<\/div>\n\t\t<div class=\"elementor-element elementor-element-b41f9e5 e-con-full e-flex e-con e-parent\" data-id=\"b41f9e5\" data-element_type=\"container\" data-e-type=\"container\">\n\t\t<div class=\"elementor-element elementor-element-6273951 e-con-full e-flex e-con e-child\" data-id=\"6273951\" data-element_type=\"container\" data-e-type=\"container\">\n\t\t\t\t<div class=\"elementor-element elementor-element-6a524f7 elementor-widget-mobile__width-initial elementor-widget elementor-widget-heading\" data-id=\"6a524f7\" data-element_type=\"widget\" data-e-type=\"widget\" data-widget_type=\"heading.default\">\n\t\t\t\t<div class=\"elementor-widget-container\">\n\t\t\t\t\t<h2 class=\"elementor-heading-title elementor-size-default\"><a href=\"https:\/\/yuemei.ma\/ar\/doux\/\">\u0631\u0623\u0633 \u0648\u0627\u062d\u062f<\/a><\/h2>\t\t\t\t<\/div>\n\t\t\t\t<\/div>\n\t\t\t\t<\/div>\n\t\t<div class=\"elementor-element elementor-element-c421298 e-con-full e-flex e-con e-child\" data-id=\"c421298\" data-element_type=\"container\" data-e-type=\"container\">\n\t\t\t\t<div class=\"elementor-element elementor-element-2e58611 elementor-widget-mobile__width-initial elementor-widget elementor-widget-heading\" data-id=\"2e58611\" data-element_type=\"widget\" data-e-type=\"widget\" data-widget_type=\"heading.default\">\n\t\t\t\t<div class=\"elementor-widget-container\">\n\t\t\t\t\t<h2 class=\"elementor-heading-title elementor-size-default\"><a href=\"https:\/\/yuemei.ma\/ar\/chenille\/\">\u0627\u0644\u0634\u064a\u0646\u064a\u0644<\/a><\/h2>\t\t\t\t<\/div>\n\t\t\t\t<\/div>\n\t\t\t\t<\/div>\n\t\t<div class=\"elementor-element elementor-element-0b6ec3c e-con-full e-flex e-con e-child\" data-id=\"0b6ec3c\" data-element_type=\"container\" data-e-type=\"container\">\n\t\t\t\t<div class=\"elementor-element elementor-element-64ded08 elementor-widget-mobile__width-initial elementor-widget elementor-widget-heading\" data-id=\"64ded08\" data-element_type=\"widget\" data-e-type=\"widget\" data-widget_type=\"heading.default\">\n\t\t\t\t<div class=\"elementor-widget-container\">\n\t\t\t\t\t<h2 class=\"elementor-heading-title elementor-size-default\"><a href=\"https:\/\/yuemei.ma\/ar\/plat\/\">\u0627\u0644\u0637\u0631\u0632<\/a><\/h2>\t\t\t\t<\/div>\n\t\t\t\t<\/div>\n\t\t\t\t<\/div>\n\t\t<div class=\"elementor-element elementor-element-6b13c00 e-con-full e-flex e-con e-child\" data-id=\"6b13c00\" data-element_type=\"container\" data-e-type=\"container\">\n\t\t\t\t<div class=\"elementor-element elementor-element-4c82768 elementor-widget-mobile__width-initial elementor-widget elementor-widget-heading\" data-id=\"4c82768\" data-element_type=\"widget\" data-e-type=\"widget\" data-widget_type=\"heading.default\">\n\t\t\t\t<div class=\"elementor-widget-container\">\n\t\t\t\t\t<h2 class=\"elementor-heading-title elementor-size-default\"><a href=\"https:\/\/yuemei.ma\/ar\/chapeau\/\">\u0627\u0644\u0642\u0628\u0639\u0627\u062a<\/a><\/h2>\t\t\t\t<\/div>\n\t\t\t\t<\/div>\n\t\t\t\t<\/div>\n\t\t<div class=\"elementor-element elementor-element-dc67bbf e-con-full e-flex e-con e-child\" data-id=\"dc67bbf\" data-element_type=\"container\" data-e-type=\"container\">\n\t\t\t\t<div class=\"elementor-element elementor-element-893e003 elementor-widget-mobile__width-initial elementor-widget elementor-widget-heading\" data-id=\"893e003\" data-element_type=\"widget\" data-e-type=\"widget\" data-widget_type=\"heading.default\">\n\t\t\t\t<div class=\"elementor-widget-container\">\n\t\t\t\t\t<h2 class=\"elementor-heading-title elementor-size-default\"><a href=\"https:\/\/yuemei.ma\/ar\/corde\/\">\u0627\u0644\u0643\u0648\u0631\u062f\u0648\u0646 (\u0627\u0644\u0637\u0631\u0633\u0627\u0646)<\/a><\/h2>\t\t\t\t<\/div>\n\t\t\t\t<\/div>\n\t\t\t\t<\/div>\n\t\t<div class=\"elementor-element elementor-element-7ae2585 e-con-full e-flex e-con e-child\" data-id=\"7ae2585\" data-element_type=\"container\" data-e-type=\"container\">\n\t\t\t\t<div class=\"elementor-element elementor-element-3c5d819 elementor-widget-mobile__width-initial elementor-widget elementor-widget-heading\" data-id=\"3c5d819\" data-element_type=\"widget\" data-e-type=\"widget\" data-widget_type=\"heading.default\">\n\t\t\t\t<div class=\"elementor-widget-container\">\n\t\t\t\t\t<h2 class=\"elementor-heading-title elementor-size-default\"><a href=\"https:\/\/yuemei.ma\/ar\/dentelle\/\">\u062f\u0648\u0646\u0637\u064a\u0644<\/a><\/h2>\t\t\t\t<\/div>\n\t\t\t\t<\/div>\n\t\t\t\t<\/div>\n\t\t<div class=\"elementor-element elementor-element-8fbfc79 e-con-full e-flex e-con e-child\" data-id=\"8fbfc79\" data-element_type=\"container\" data-e-type=\"container\">\n\t\t\t\t<div class=\"elementor-element elementor-element-59ad8dd elementor-widget-mobile__width-initial elementor-widget elementor-widget-heading\" data-id=\"59ad8dd\" data-element_type=\"widget\" data-e-type=\"widget\" data-widget_type=\"heading.default\">\n\t\t\t\t<div class=\"elementor-widget-container\">\n\t\t\t\t\t<h2 class=\"elementor-heading-title elementor-size-default\"><a href=\"https:\/\/yuemei.ma\/ar\/melange-chenille-et-plat\/\">\u062e\u0644\u064a\u0637<\/a><\/h2>\t\t\t\t<\/div>\n\t\t\t\t<\/div>\n\t\t\t\t<\/div>\n\t\t<div class=\"elementor-element elementor-element-1fcae99 e-con-full e-flex e-con e-child\" data-id=\"1fcae99\" data-element_type=\"container\" data-e-type=\"container\">\n\t\t\t\t<div class=\"elementor-element elementor-element-6981dc5 elementor-widget-mobile__width-initial elementor-widget elementor-widget-heading\" data-id=\"6981dc5\" data-element_type=\"widget\" data-e-type=\"widget\" data-widget_type=\"heading.default\">\n\t\t\t\t<div class=\"elementor-widget-container\">\n\t\t\t\t\t<h2 class=\"elementor-heading-title elementor-size-default\"><a href=\"https:\/\/yuemei.ma\/ar\/paillete\/\">\u0628\u0627\u064a\u064a\u0637 (\u0645\u0648\u0632\u0648\u0646)<\/a><\/h2>\t\t\t\t<\/div>\n\t\t\t\t<\/div>\n\t\t\t\t<\/div>\n\t\t<div class=\"elementor-element elementor-element-4a7cda7 e-con-full e-flex e-con e-child\" data-id=\"4a7cda7\" data-element_type=\"container\" data-e-type=\"container\">\n\t\t\t\t<div class=\"elementor-element elementor-element-c4ca31c elementor-widget-mobile__width-initial elementor-widget elementor-widget-heading\" data-id=\"c4ca31c\" data-element_type=\"widget\" data-e-type=\"widget\" data-widget_type=\"heading.default\">\n\t\t\t\t<div class=\"elementor-widget-container\">\n\t\t\t\t\t<h2 class=\"elementor-heading-title elementor-size-default\"><a href=\"https:\/\/yuemei.ma\/ar\/perle\/\">\u0627\u0644\u0639\u0642\u064a\u0642<\/a><\/h2>\t\t\t\t<\/div>\n\t\t\t\t<\/div>\n\t\t\t\t<\/div>\n\t\t<div class=\"elementor-element elementor-element-37d42f7 e-con-full e-flex e-con e-child\" data-id=\"37d42f7\" data-element_type=\"container\" data-e-type=\"container\">\n\t\t\t\t<div class=\"elementor-element elementor-element-830308e elementor-widget-mobile__width-initial elementor-widget elementor-widget-heading\" data-id=\"830308e\" data-element_type=\"widget\" data-e-type=\"widget\" data-widget_type=\"heading.default\">\n\t\t\t\t<div class=\"elementor-widget-container\">\n\t\t\t\t\t<h2 class=\"elementor-heading-title elementor-size-default\"><a href=\"https:\/\/yuemei.ma\/ar\/dtf\/\">DTF<\/a><\/h2>\t\t\t\t<\/div>\n\t\t\t\t<\/div>\n\t\t\t\t<\/div>\n\t\t<div class=\"elementor-element elementor-element-820e78c e-con-full e-flex e-con e-child\" data-id=\"820e78c\" data-element_type=\"container\" data-e-type=\"container\">\n\t\t\t\t<div class=\"elementor-element elementor-element-94ea178 elementor-widget-mobile__width-initial elementor-widget elementor-widget-heading\" data-id=\"94ea178\" data-element_type=\"widget\" data-e-type=\"widget\" data-widget_type=\"heading.default\">\n\t\t\t\t<div class=\"elementor-widget-container\">\n\t\t\t\t\t<h2 class=\"elementor-heading-title elementor-size-default\"><a href=\"https:\/\/yuemei.ma\/ar\/dispositifs-supplementaires\/\">\u0627\u0644\u0623\u062c\u0647\u0632\u0629<\/a><\/h2>\t\t\t\t<\/div>\n\t\t\t\t<\/div>\n\t\t\t\t<\/div>\n\t\t<div class=\"elementor-element elementor-element-84e0828 e-con-full e-flex e-con e-child\" data-id=\"84e0828\" data-element_type=\"container\" data-e-type=\"container\">\n\t\t\t\t<div class=\"elementor-element elementor-element-b0214ac elementor-widget-mobile__width-initial elementor-widget elementor-widget-heading\" data-id=\"b0214ac\" data-element_type=\"widget\" data-e-type=\"widget\" data-widget_type=\"heading.default\">\n\t\t\t\t<div class=\"elementor-widget-container\">\n\t\t\t\t\t<h2 class=\"elementor-heading-title elementor-size-default\"><a href=\"https:\/\/yuemei.ma\/ar\/consommable\/\">\u0627\u0644\u0645\u0648\u0627\u062f \u0627\u0644\u0627\u0633\u062a\u0647\u0644\u0627\u0643\u064a\u0629<\/a><\/h2>\t\t\t\t<\/div>\n\t\t\t\t<\/div>\n\t\t\t\t<\/div>\n\t\t\t\t<\/div>\n\t\t<div class=\"elementor-element elementor-element-171b7ebf e-flex e-con-boxed e-con e-parent\" data-id=\"171b7ebf\" data-element_type=\"container\" data-e-type=\"container\">\n\t\t\t\t\t<div class=\"e-con-inner\">\n\t\t<div class=\"elementor-element elementor-element-2b10abb e-con-full e-flex e-con e-child\" data-id=\"2b10abb\" data-element_type=\"container\" data-e-type=\"container\">\n\t\t\t\t<div class=\"elementor-element elementor-element-6c1ee720 elementor-widget elementor-widget-heading\" data-id=\"6c1ee720\" data-element_type=\"widget\" data-e-type=\"widget\" data-widget_type=\"heading.default\">\n\t\t\t\t<div class=\"elementor-widget-container\">\n\t\t\t\t\t<h2 class=\"elementor-heading-title elementor-size-default\">\u0627\u0644\u0639\u0642\u064a\u0642<\/h2>\t\t\t\t<\/div>\n\t\t\t\t<\/div>\n\t\t<div class=\"elementor-element elementor-element-72c986f e-grid e-con-full e-con e-child\" data-id=\"72c986f\" data-element_type=\"container\" data-e-type=\"container\">\n\t\t\t\t<div class=\"elementor-element elementor-element-fb5743c elementor-widget elementor-widget-image\" data-id=\"fb5743c\" data-element_type=\"widget\" data-e-type=\"widget\" data-widget_type=\"image.default\">\n\t\t\t\t<div class=\"elementor-widget-container\">\n\t\t\t\t\t\t\t\t\t\t\t\t\t\t\t<img decoding=\"async\" width=\"500\" height=\"500\" src=\"https:\/\/yuemei.ma\/wp-content\/uploads\/2024\/12\/Untitled-design-5.png\" class=\"attachment-full size-full wp-image-266\" alt=\"\" srcset=\"https:\/\/yuemei.ma\/wp-content\/uploads\/2024\/12\/Untitled-design-5.png 500w, https:\/\/yuemei.ma\/wp-content\/uploads\/2024\/12\/Untitled-design-5-300x300.png 300w, https:\/\/yuemei.ma\/wp-content\/uploads\/2024\/12\/Untitled-design-5-150x150.png 150w, https:\/\/yuemei.ma\/wp-content\/uploads\/2024\/12\/Untitled-design-5-100x100.png 100w\" sizes=\"(max-width: 500px) 100vw, 500px\" \/>\t\t\t\t\t\t\t\t\t\t\t\t\t\t\t<\/div>\n\t\t\t\t<\/div>\n\t\t<div class=\"elementor-element elementor-element-b9a8ce6 e-grid e-con-full e-con e-child\" data-id=\"b9a8ce6\" data-element_type=\"container\" data-e-type=\"container\">\n\t\t\t\t<div class=\"elementor-element elementor-element-d9406d3 elementor-widget elementor-widget-image\" data-id=\"d9406d3\" data-element_type=\"widget\" data-e-type=\"widget\" data-widget_type=\"image.default\">\n\t\t\t\t<div class=\"elementor-widget-container\">\n\t\t\t\t\t\t\t\t\t\t\t\t\t\t\t<img decoding=\"async\" width=\"951\" height=\"634\" src=\"https:\/\/yuemei.ma\/wp-content\/uploads\/2024\/12\/perleneinrichtung-lightbox-zsk-stickmaschinen-03.jpg\" class=\"attachment-large size-large wp-image-527\" alt=\"\" srcset=\"https:\/\/yuemei.ma\/wp-content\/uploads\/2024\/12\/perleneinrichtung-lightbox-zsk-stickmaschinen-03.jpg 951w, https:\/\/yuemei.ma\/wp-content\/uploads\/2024\/12\/perleneinrichtung-lightbox-zsk-stickmaschinen-03-300x200.jpg 300w, https:\/\/yuemei.ma\/wp-content\/uploads\/2024\/12\/perleneinrichtung-lightbox-zsk-stickmaschinen-03-768x512.jpg 768w, https:\/\/yuemei.ma\/wp-content\/uploads\/2024\/12\/perleneinrichtung-lightbox-zsk-stickmaschinen-03-18x12.jpg 18w, https:\/\/yuemei.ma\/wp-content\/uploads\/2024\/12\/perleneinrichtung-lightbox-zsk-stickmaschinen-03-600x400.jpg 600w\" sizes=\"(max-width: 951px) 100vw, 951px\" \/>\t\t\t\t\t\t\t\t\t\t\t\t\t\t\t<\/div>\n\t\t\t\t<\/div>\n\t\t\t\t<div class=\"elementor-element elementor-element-ac87d59 elementor-widget elementor-widget-image\" data-id=\"ac87d59\" data-element_type=\"widget\" data-e-type=\"widget\" data-widget_type=\"image.default\">\n\t\t\t\t<div class=\"elementor-widget-container\">\n\t\t\t\t\t\t\t\t\t\t\t\t\t\t\t<img loading=\"lazy\" decoding=\"async\" width=\"500\" height=\"500\" src=\"https:\/\/yuemei.ma\/wp-content\/uploads\/2024\/12\/Untitled-design-14.png\" class=\"attachment-large size-large wp-image-528\" alt=\"\" srcset=\"https:\/\/yuemei.ma\/wp-content\/uploads\/2024\/12\/Untitled-design-14.png 500w, https:\/\/yuemei.ma\/wp-content\/uploads\/2024\/12\/Untitled-design-14-300x300.png 300w, https:\/\/yuemei.ma\/wp-content\/uploads\/2024\/12\/Untitled-design-14-150x150.png 150w, https:\/\/yuemei.ma\/wp-content\/uploads\/2024\/12\/Untitled-design-14-12x12.png 12w, https:\/\/yuemei.ma\/wp-content\/uploads\/2024\/12\/Untitled-design-14-100x100.png 100w\" sizes=\"(max-width: 500px) 100vw, 500px\" \/>\t\t\t\t\t\t\t\t\t\t\t\t\t\t\t<\/div>\n\t\t\t\t<\/div>\n\t\t\t\t<\/div>\n\t\t\t\t<\/div>\n\t\t<div class=\"elementor-element elementor-element-734642c2 e-grid e-con-full e-con e-child\" data-id=\"734642c2\" data-element_type=\"container\" data-e-type=\"container\">\n\t\t<div class=\"elementor-element elementor-element-5048c207 e-con-full e-flex e-con e-child\" data-id=\"5048c207\" data-element_type=\"container\" data-e-type=\"container\">\n\t\t\t\t<div class=\"elementor-element elementor-element-268c4c2a elementor-widget elementor-widget-heading\" data-id=\"268c4c2a\" data-element_type=\"widget\" data-e-type=\"widget\" data-widget_type=\"heading.default\">\n\t\t\t\t<div class=\"elementor-widget-container\">\n\t\t\t\t\t<h2 class=\"elementor-heading-title elementor-size-default\">1<\/h2>\t\t\t\t<\/div>\n\t\t\t\t<\/div>\n\t\t\t\t<div class=\"elementor-element elementor-element-1fc191cb elementor-widget elementor-widget-heading\" data-id=\"1fc191cb\" data-element_type=\"widget\" data-e-type=\"widget\" data-widget_type=\"heading.default\">\n\t\t\t\t<div class=\"elementor-widget-container\">\n\t\t\t\t\t<h2 class=\"elementor-heading-title elementor-size-default\">\u0639\u062f\u062f \u0627\u0644\u0631\u0624\u0648\u0633<\/h2>\t\t\t\t<\/div>\n\t\t\t\t<\/div>\n\t\t\t\t<\/div>\n\t\t<div class=\"elementor-element elementor-element-1cb0f230 e-con-full e-flex e-con e-child\" data-id=\"1cb0f230\" data-element_type=\"container\" data-e-type=\"container\">\n\t\t\t\t<div class=\"elementor-element elementor-element-2b1503ae elementor-widget elementor-widget-heading\" data-id=\"2b1503ae\" data-element_type=\"widget\" data-e-type=\"widget\" data-widget_type=\"heading.default\">\n\t\t\t\t<div class=\"elementor-widget-container\">\n\t\t\t\t\t<h2 class=\"elementor-heading-title elementor-size-default\">12<\/h2>\t\t\t\t<\/div>\n\t\t\t\t<\/div>\n\t\t\t\t<div class=\"elementor-element elementor-element-540c0cfa elementor-widget elementor-widget-heading\" data-id=\"540c0cfa\" data-element_type=\"widget\" data-e-type=\"widget\" data-widget_type=\"heading.default\">\n\t\t\t\t<div class=\"elementor-widget-container\">\n\t\t\t\t\t<h2 class=\"elementor-heading-title elementor-size-default\">\u0639\u062f\u062f \u0627\u0644\u0625\u0628\u0631<\/h2>\t\t\t\t<\/div>\n\t\t\t\t<\/div>\n\t\t\t\t<\/div>\n\t\t<div class=\"elementor-element elementor-element-984696b e-con-full e-flex e-con e-child\" data-id=\"984696b\" data-element_type=\"container\" data-e-type=\"container\">\n\t\t\t\t<div class=\"elementor-element elementor-element-61d25c41 elementor-widget elementor-widget-heading\" data-id=\"61d25c41\" data-element_type=\"widget\" data-e-type=\"widget\" data-widget_type=\"heading.default\">\n\t\t\t\t<div class=\"elementor-widget-container\">\n\t\t\t\t\t<h2 class=\"elementor-heading-title elementor-size-default\">500*900\n<\/h2>\t\t\t\t<\/div>\n\t\t\t\t<\/div>\n\t\t\t\t<div class=\"elementor-element elementor-element-4f09fec4 elementor-widget elementor-widget-heading\" data-id=\"4f09fec4\" data-element_type=\"widget\" data-e-type=\"widget\" data-widget_type=\"heading.default\">\n\t\t\t\t<div class=\"elementor-widget-container\">\n\t\t\t\t\t<h2 class=\"elementor-heading-title elementor-size-default\">\u0645\u0633\u0627\u062d\u0629 \u0627\u0644\u0637\u0631\u0632<\/h2>\t\t\t\t<\/div>\n\t\t\t\t<\/div>\n\t\t\t\t<\/div>\n\t\t\t\t<\/div>\n\t\t\t\t<\/div>\n\t\t\t\t\t<\/div>\n\t\t\t\t<\/div>\n\t\t<div class=\"elementor-element elementor-element-5b9d86f e-flex e-con-boxed e-con e-parent\" data-id=\"5b9d86f\" data-element_type=\"container\" data-e-type=\"container\">\n\t\t\t\t\t<div class=\"e-con-inner\">\n\t\t\t\t<div class=\"elementor-element elementor-element-63e0efe elementor-align-center elementor-widget elementor-widget-button\" data-id=\"63e0efe\" data-element_type=\"widget\" data-e-type=\"widget\" data-widget_type=\"button.default\">\n\t\t\t\t<div class=\"elementor-widget-container\">\n\t\t\t\t\t\t\t\t\t<div class=\"elementor-button-wrapper\">\n\t\t\t\t\t<a class=\"elementor-button elementor-button-link elementor-size-sm elementor-animation-grow\" href=\"https:\/\/yuemei.ma\/ar\/commandez\/\">\n\t\t\t\t\t\t<span class=\"elementor-button-content-wrapper\">\n\t\t\t\t\t\t\t\t\t<span class=\"elementor-button-text\">\u0627\u0637\u0644\u0628 \u0622\u0644\u062a\u0643<\/span>\n\t\t\t\t\t<\/span>\n\t\t\t\t\t<\/a>\n\t\t\t\t<\/div>\n\t\t\t\t\t\t\t\t<\/div>\n\t\t\t\t<\/div>\n\t\t\t\t\t<\/div>\n\t\t\t\t<\/div>\n\t\t\t\t<\/div>","protected":false},"excerpt":{"rendered":"<p>Perle (l39i9) Types de machines 1 t\u00eate Chenille Broderie Casquette Cordon (tersan) Dentelle M\u00e9lange paillet\u00e9 (mozone) Perle (l39i9) DTF Appareils [&hellip;]<\/p>","protected":false},"author":1,"featured_media":0,"parent":0,"menu_order":0,"comment_status":"closed","ping_status":"closed","template":"","meta":{"site-sidebar-layout":"no-sidebar","site-content-layout":"","ast-site-content-layout":"full-width-container","site-content-style":"default","site-sidebar-style":"default","ast-global-header-display":"","ast-banner-title-visibility":"","ast-main-header-display":"","ast-hfb-above-header-display":"","ast-hfb-below-header-display":"","ast-hfb-mobile-header-display":"","site-post-title":"disabled","ast-breadcrumbs-content":"","ast-featured-img":"disabled","footer-sml-layout":"","ast-disable-related-posts":"","theme-transparent-header-meta":"","adv-header-id-meta":"","stick-header-meta":"","header-above-stick-meta":"","header-main-stick-meta":"","header-below-stick-meta":"","astra-migrate-meta-layouts":"default","ast-page-background-enabled":"default","ast-page-background-meta":{"desktop":{"background-color":"var(--ast-global-color-4)","background-image":"","background-repeat":"repeat","background-position":"center center","background-size":"auto","background-attachment":"scroll","background-type":"","background-media":"","overlay-type":"","overlay-color":"","overlay-opacity":"","overlay-gradient":""},"tablet":{"background-color":"","background-image":"","background-repeat":"repeat","background-position":"center center","background-size":"auto","background-attachment":"scroll","background-type":"","background-media":"","overlay-type":"","overlay-color":"","overlay-opacity":"","overlay-gradient":""},"mobile":{"background-color":"","background-image":"","background-repeat":"repeat","background-position":"center center","background-size":"auto","background-attachment":"scroll","background-type":"","background-media":"","overlay-type":"","overlay-color":"","overlay-opacity":"","overlay-gradient":""}},"ast-content-background-meta":{"desktop":{"background-color":"var(--ast-global-color-5)","background-image":"","background-repeat":"repeat","background-position":"center center","background-size":"auto","background-attachment":"scroll","background-type":"","background-media":"","overlay-type":"","overlay-color":"","overlay-opacity":"","overlay-gradient":""},"tablet":{"background-color":"var(--ast-global-color-5)","background-image":"","background-repeat":"repeat","background-position":"center center","background-size":"auto","background-attachment":"scroll","background-type":"","background-media":"","overlay-type":"","overlay-color":"","overlay-opacity":"","overlay-gradient":""},"mobile":{"background-color":"var(--ast-global-color-5)","background-image":"","background-repeat":"repeat","background-position":"center center","background-size":"auto","background-attachment":"scroll","background-type":"","background-media":"","overlay-type":"","overlay-color":"","overlay-opacity":"","overlay-gradient":""}},"footnotes":""},"class_list":["post-412","page","type-page","status-publish","hentry"],"_links":{"self":[{"href":"https:\/\/yuemei.ma\/ar\/wp-json\/wp\/v2\/pages\/412","targetHints":{"allow":["GET"]}}],"collection":[{"href":"https:\/\/yuemei.ma\/ar\/wp-json\/wp\/v2\/pages"}],"about":[{"href":"https:\/\/yuemei.ma\/ar\/wp-json\/wp\/v2\/types\/page"}],"author":[{"embeddable":true,"href":"https:\/\/yuemei.ma\/ar\/wp-json\/wp\/v2\/users\/1"}],"replies":[{"embeddable":true,"href":"https:\/\/yuemei.ma\/ar\/wp-json\/wp\/v2\/comments?post=412"}],"version-history":[{"count":25,"href":"https:\/\/yuemei.ma\/ar\/wp-json\/wp\/v2\/pages\/412\/revisions"}],"predecessor-version":[{"id":554,"href":"https:\/\/yuemei.ma\/ar\/wp-json\/wp\/v2\/pages\/412\/revisions\/554"}],"wp:attachment":[{"href":"https:\/\/yuemei.ma\/ar\/wp-json\/wp\/v2\/media?parent=412"}],"curies":[{"name":"wp","href":"https:\/\/api.w.org\/{rel}","templated":true}]}}